{"id":14,"date":"2015-01-10T14:16:41","date_gmt":"2015-01-10T19:16:41","guid":{"rendered":"http:\/\/jplaverdure.ca\/wp\/pfreud\/?page_id=14"},"modified":"2024-01-25T09:32:52","modified_gmt":"2024-01-25T14:32:52","slug":"what-s-happenin","status":"publish","type":"page","link":"https:\/\/djpfreud.com\/en\/what-s-happenin","title":{"rendered":"What&#8217;s happenin&#8217; ?"},"content":{"rendered":"\n<h2 class=\"wp-block-heading\">NEW EP OUT NOW :: <\/h2>\n\n\n<iframe style=\"border: 0; width: 350px; height: 470px;\" src=\"https:\/\/bandcamp.com\/EmbeddedPlayer\/album=1957929363\/size=large\/bgcol=ffffff\/linkcol=0687f5\/tracklist=false\/transparent=true\/\" seamless><a href=\"https:\/\/pfreud.bandcamp.com\/album\/phen-tek-vol-2-2\">Phen-Tek Vol.2 by Pfreud<\/a><\/iframe>\n\n\n\n<h2 class=\"wp-block-heading\">Pfreud Remix :: <\/h2>\n\n\n\n<h2 class=\"wp-block-heading\">Still Fresh :: 12&#8243; Blue Vinyl :: LIMITED EDITION!!<\/h2>\n\n\n\n<iframe style=\"border: 0; width: 100%; height: 42px;\" src=\"https:\/\/bandcamp.com\/EmbeddedPlayer\/album=2628115922\/size=small\/bgcol=ffffff\/linkcol=0687f5\/track=2488025396\/transparent=true\/\" seamless=\"\"><a href=\"https:\/\/8bmuzik.bandcamp.com\/album\/robot-language-lessons-remixed\">Robot Language Lessons Remixed by 8b, Pfreud<\/a><\/iframe>\n\n\n\n<figure class=\"wp-block-image size-large is-resized\"><img loading=\"lazy\" decoding=\"async\" src=\"https:\/\/djpfreud.com\/wp-content\/uploads\/2019\/12\/Pfreud_Robot_Language-1.jpg\" alt=\"\" class=\"wp-image-592\" width=\"216\" height=\"216\" srcset=\"https:\/\/djpfreud.com\/wp-content\/uploads\/2019\/12\/Pfreud_Robot_Language-1.jpg 945w, https:\/\/djpfreud.com\/wp-content\/uploads\/2019\/12\/Pfreud_Robot_Language-1-300x300.jpg 300w, https:\/\/djpfreud.com\/wp-content\/uploads\/2019\/12\/Pfreud_Robot_Language-1-150x150.jpg 150w, https:\/\/djpfreud.com\/wp-content\/uploads\/2019\/12\/Pfreud_Robot_Language-1-768x768.jpg 768w\" sizes=\"auto, (max-width: 216px) 100vw, 216px\" \/><\/figure>\n\n\n\n<figure class=\"wp-block-image size-large is-resized\"><img loading=\"lazy\" decoding=\"async\" src=\"https:\/\/djpfreud.com\/wp-content\/uploads\/2019\/12\/Pfreud_1222-1-886x1024.jpg\" alt=\"\" class=\"wp-image-598\" width=\"221\" height=\"255\" srcset=\"https:\/\/djpfreud.com\/wp-content\/uploads\/2019\/12\/Pfreud_1222-1-886x1024.jpg 886w, https:\/\/djpfreud.com\/wp-content\/uploads\/2019\/12\/Pfreud_1222-1-260x300.jpg 260w, https:\/\/djpfreud.com\/wp-content\/uploads\/2019\/12\/Pfreud_1222-1-768x887.jpg 768w, https:\/\/djpfreud.com\/wp-content\/uploads\/2019\/12\/Pfreud_1222-1-1329x1536.jpg 1329w, https:\/\/djpfreud.com\/wp-content\/uploads\/2019\/12\/Pfreud_1222-1-1773x2048.jpg 1773w\" sizes=\"auto, (max-width: 221px) 100vw, 221px\" \/><\/figure>\n\n\n\n<p class=\"has-medium-font-size\"><a href=\"https:\/\/icewax.bandcamp.com\/track\/flood-pfreuds-weird-island-grooves-flooded-mix\">Grab it on Bandcamp<\/a><\/p>\n\n\n<h1><strong><a href=\"\">*************************************************************************************<\/a><\/strong><!-- \/wp:post-content --><\/h1>\n<h1><strong><a href=\"https:\/\/hoopalai.bandcamp.com\/album\/electric-tartar\">HOOPALA\u00ef &#8220;Electric Tartar&#8221;<\/a><\/strong><!-- \/wp:paragraph --><\/h1>\n<p><iframe style=\"border: 0; width: 100%; height: 120px;\" src=\"https:\/\/bandcamp.com\/EmbeddedPlayer\/album=2224847455\/size=large\/bgcol=ffffff\/linkcol=0687f5\/tracklist=false\/artwork=small\/transparent=true\/\" seamless=\"\"><a href=\"https:\/\/hoopalai.bandcamp.com\/album\/electric-tartar\">Electric Tartar by Hoopalai<\/a><\/iframe><\/p>\n<p><!-- \/wp:paragraph --><br><!-- \/wp:paragraph --><\/p>\n<h1><strong><a href=\"https:\/\/hoopalai.bandcamp.com\/album\/le-call\">HOOPALA\u00ef &#8220;Le Call&#8221;<\/a><\/strong><!-- \/wp:paragraph --><\/h1>\n<p><!-- wp:html \/--><\/p>\n<p><!-- wp:paragraph --><\/p>\n<p><iframe style=\"border: 0; width: 100%; height: 100px;\" src=\"https:\/\/bandcamp.com\/EmbeddedPlayer\/album=703906833\/size=large\/bgcol=ffffff\/linkcol=0687f5\/tracklist=false\/artwork=small\/transparent=true\/\" seamless=\"\"><a href=\"https:\/\/hoopalai.bandcamp.com\/album\/le-call\">Le Call by Hoopalai<\/a><\/iframe><\/p>\n<p><!-- \/wp:paragraph --><\/p>\n<p><!-- wp:paragraph --><\/p>\n<p><!-- \/wp:paragraph --><\/p>\n<h1><a href=\"https:\/\/www.facebook.com\/hoopalai\/\"><strong>HOOPALA\u00cf<\/strong><\/a><strong> &amp; <a href=\"https:\/\/www.facebook.com\/thefitnessxox\/\">THE FITNESS<\/a><\/strong><\/h1>\n<h2>&#8220;Let me take you&#8221;<\/h2>\n<h2>(<a href=\"https:\/\/www.beatport.com\/track\/let-me-take-you-original-mix\/12761931\">Grab iT On Beatport !!<\/a>)<\/h2>\n<h1><iframe loading=\"lazy\" src=\"https:\/\/w.soundcloud.com\/player\/?url=https%3A\/\/api.soundcloud.com\/tracks\/629582085&amp;color=%23ff5500&amp;auto_play=false&amp;hide_related=false&amp;show_comments=true&amp;show_user=true&amp;show_reposts=false&amp;show_teaser=true\" width=\"100%\" height=\"100\" frameborder=\"no\" scrolling=\"no\"><\/iframe><\/h1>\n<p><!-- wp:heading {\"level\":6} --><\/p>\n<p><!-- \/wp:heading --><\/p>\n<h1><strong><a href=\"https:\/\/www.facebook.com\/hoopalai\/\">HOOPALA\u00cf<\/a><\/strong><\/h1>\n<h2>&#8220;What&#8221; (Grab iT on<a href=\"https:\/\/hoopalai.bandcamp.com\/album\/what\"> Bandcamp<\/a> \/ <a href=\"https:\/\/www.beatport.com\/release\/what\/2539960\">Beatport<\/a>)<\/h2>\n<p><iframe loading=\"lazy\" src=\"https:\/\/w.soundcloud.com\/player\/?url=https%3A\/\/api.soundcloud.com\/tracks\/593817051&amp;color=%23ff5500&amp;auto_play=false&amp;hide_related=false&amp;show_comments=true&amp;show_user=true&amp;show_reposts=false&amp;show_teaser=true\" width=\"100%\" height=\"100\" frameborder=\"no\" scrolling=\"no\"><\/iframe><\/p>\n<p><!-- wp:html \/--><\/p>\n<p><!-- wp:heading {\"level\":4} --><\/p>\n<p><!-- \/wp:heading --><\/p>\n<p><!-- wp:paragraph --><\/p>\n<h1><strong><a href=\"\">*************************************************************************************<\/a><\/strong><!-- \/wp:paragraph --><\/h1>\n<p><!-- \/wp:paragraph --><\/p>\n<p><!-- wp:paragraph --><\/p>\n<p><a style=\"font-size: 1.6em; font-weight: 600;\" href=\"https:\/\/www.beatport.com\/artist\/thee-fff\/567678\" target=\"_blank\" rel=\"noopener noreferrer\">THEE FFF<\/a><span style=\"color: #23282d; font-size: 1.6em; font-weight: 600;\"> :: <\/span><a style=\"font-size: 1.6em; font-weight: 600;\" href=\"https:\/\/www.facebook.com\/hoopalai\/\" target=\"_blank\" rel=\"noopener noreferrer\">HOOPALA\u00cf<\/a><span style=\"color: #23282d; font-size: 1.6em; font-weight: 600;\"> &amp; <\/span><a style=\"font-size: 1.6em; font-weight: 600;\" href=\"https:\/\/www.facebook.com\/felixdahousecat\/\" target=\"_blank\" rel=\"noopener noreferrer\">Felix Da Housecat<\/a><\/p>\n<p><!-- \/wp:paragraph --><\/p>\n<p><!-- wp:heading --><\/p>\n<h2><a href=\"https:\/\/www.beatport.com\/artist\/thee-fff\/567678\">Grab iT On Beatport!<\/a><\/h2>\n<p><!-- \/wp:heading --><\/p>\n<p><!-- wp:heading --><\/p>\n<p><\/p>\n<figure><iframe loading=\"lazy\" src=\"https:\/\/w.soundcloud.com\/player\/?url=https%3A\/\/api.soundcloud.com\/tracks\/358465721&amp;color=%23ff5500&amp;auto_play=false&amp;hide_related=false&amp;show_comments=true&amp;show_user=true&amp;show_reposts=false&amp;show_teaser=true&amp;visual=true\" width=\"100%\" height=\"100\" frameborder=\"no\" scrolling=\"no\"><\/p>\n<p>*<br \/>*<\/p>\n<figure><iframe loading=\"lazy\" src=\"https:\/\/w.soundcloud.com\/player\/?url=https%3A\/\/api.soundcloud.com\/tracks\/262467979&amp;auto_play=false&amp;hide_related=false&amp;show_comments=true&amp;show_user=true&amp;show_reposts=false&amp;visual=true\" width=\"100%\" height=\"100\" frameborder=\"no\" scrolling=\"no\"><\/figure>\n<\/h2>\n<p><\/iframe><\/figure>\n<p><\/p>\n<p><!-- \/wp:heading --><\/p>\n<p><!-- wp:html --><\/p>\n<figure><iframe loading=\"lazy\" src=\"https:\/\/w.soundcloud.com\/player\/?url=https%3A\/\/api.soundcloud.com\/tracks\/346480160&amp;color=%23ff5500&amp;auto_play=false&amp;hide_related=false&amp;show_comments=true&amp;show_user=true&amp;show_reposts=false&amp;show_teaser=true&amp;visual=true\" width=\"100%\" height=\"100\" frameborder=\"no\" scrolling=\"no\"><\/iframe><\/figure>\n<p>Remixes :: <a href=\"https:\/\/www.facebook.com\/carlos.castano.12\" target=\"_blank\" rel=\"noopener noreferrer\">Carlos Castano<\/a> &#8220;Choinky Diva&#8221; :: <a href=\"https:\/\/www.facebook.com\/hoopalai\/\" target=\"_blank\" rel=\"noopener noreferrer\">HOOPALA\u00cf<\/a> rework<\/p>\n<p><!-- \/wp:html --><\/p>\n<p><!-- wp:html --><\/p>\n<figure><iframe loading=\"lazy\" src=\"https:\/\/w.soundcloud.com\/player\/?url=https%3A\/\/api.soundcloud.com\/tracks\/321009633&amp;color=%23ff5500&amp;auto_play=false&amp;hide_related=false&amp;show_comments=true&amp;show_user=true&amp;show_reposts=false&amp;show_teaser=true\" width=\"100%\" height=\"100\" frameborder=\"no\" scrolling=\"no\"><\/iframe><\/figure>\n<p><!-- \/wp:html --><\/p>\n<p><!-- wp:paragraph --><\/p>\n<h1><strong><a href=\"\">*************************************************************************************<\/a><\/strong><!-- \/wp:paragraph --><\/h1>\n<p><!-- \/wp:paragraph --><\/p>\n<p><!-- wp:paragraph --><\/p>\n<p><!-- \/wp:paragraph --><\/p>\n<p><!-- wp:paragraph --><\/p>\n<p><!-- \/wp:paragraph --><\/p>\n<p><!-- wp:paragraph --><\/p>\n<p>Many thanks to Jean-Francois Bastien for his crazy ideas about this web site ! Paul A. Larocque (AKA Fluo Paul), legend !! photograph \/ designer ! Jean-Philippe Laverdure for his magic and seemless integration !<\/p>\n<p><!-- \/wp:paragraph --><\/p>","protected":false},"excerpt":{"rendered":"<p>NEW EP OUT NOW :: Phen-Tek Vol.2 by Pfreud Pfreud Remix :: Still Fresh :: 12&#8243; Blue Vinyl :: LIMITED EDITION!! Robot Language Lessons Remixed by 8b, Pfreud Grab it on Bandcamp ************************************************************************************* HOOPALA\u00ef &#8220;Electric Tartar&#8221; Electric Tartar by Hoopalai HOOPALA\u00ef &#8220;Le Call&#8221; Le Call by Hoopalai HOOPALA\u00cf &amp; THE FITNESS &#8220;Let me take you&#8221; [&hellip;]<\/p>\n","protected":false},"author":1,"featured_media":0,"parent":0,"menu_order":2,"comment_status":"closed","ping_status":"closed","template":"","meta":{"footnotes":""},"class_list":["post-14","page","type-page","status-publish","hentry"],"_links":{"self":[{"href":"https:\/\/djpfreud.com\/en\/wp-json\/wp\/v2\/pages\/14","targetHints":{"allow":["GET"]}}],"collection":[{"href":"https:\/\/djpfreud.com\/en\/wp-json\/wp\/v2\/pages"}],"about":[{"href":"https:\/\/djpfreud.com\/en\/wp-json\/wp\/v2\/types\/page"}],"author":[{"embeddable":true,"href":"https:\/\/djpfreud.com\/en\/wp-json\/wp\/v2\/users\/1"}],"replies":[{"embeddable":true,"href":"https:\/\/djpfreud.com\/en\/wp-json\/wp\/v2\/comments?post=14"}],"version-history":[{"count":95,"href":"https:\/\/djpfreud.com\/en\/wp-json\/wp\/v2\/pages\/14\/revisions"}],"predecessor-version":[{"id":914,"href":"https:\/\/djpfreud.com\/en\/wp-json\/wp\/v2\/pages\/14\/revisions\/914"}],"wp:attachment":[{"href":"https:\/\/djpfreud.com\/en\/wp-json\/wp\/v2\/media?parent=14"}],"curies":[{"name":"wp","href":"https:\/\/api.w.org\/{rel}","templated":true}]}}