{"id":86,"date":"2015-01-10T14:16:02","date_gmt":"2015-01-10T19:16:02","guid":{"rendered":"http:\/\/jplaverdure.ca\/wp\/pfreud\/?page_id=10"},"modified":"2025-07-30T07:37:28","modified_gmt":"2025-07-30T11:37:28","slug":"biography","status":"publish","type":"page","link":"https:\/\/djpfreud.com\/en\/biography","title":{"rendered":"Bio"},"content":{"rendered":"<p>\tOriginally from Weird Island, Pfreud has been active on the electronic music scene for now 30 years. As a very versatile dj, his music is a house blended with electro techno infused with a neo-disco twist. He&#8217;s in great demand during the 90s &#8220;golden rave dayz&#8221;. He also resided as a DJ in renowned after-hour clubs such as the legendary Sona club in Montreal. He shared the decks with Green Velvet, Carl Cox, Tiga, Isol\u00e9e, Underworld and Misstress Barbara to name a few.<\/p>\n<p>\tIn addition to having signed original titles on Gung Ho! (London), Odrex (Berlin) and IceWax (Montreal), Pfreud is constantly exploring in studio for his Hoopala\u00ef project. Hear them on Get Physical Gmbh, Kindisch, Repopulate Mars and Po\u00e9sie Angulaire. Also, some originals and remixes with his trio project Thee FFF (Felix DaHousecat and Lebaron).<\/p>\n<p>\tLately, Pfreud has released 2 new EPs on his own Weird Island Grooves label. Stay tuned for some more goodies fresh out of the studio.<\/p>\n<p>        Hear him at St\u00e9r\u00e9obar, Datcha, Piknic \u00c9lectronique as well as at Salon Daom\u00e9 with his duo Hoopala\u00ef. <\/p>\n<p>\tRecently, he&#8217;s working on some R&#038;D for new possibilities with his beloved Electro-Acrylique live and immersive project. Stay tuned!<\/p>\n","protected":false},"excerpt":{"rendered":"<p>Originally from Weird Island, Pfreud has been active on the electronic music scene for now 30 years. As a very versatile dj, his music is a house blended with electro techno infused with a neo-disco twist. He&#8217;s in great demand during the 90s &#8220;golden rave dayz&#8221;. He also resided as a DJ in renowned after-hour [&hellip;]<\/p>\n","protected":false},"author":1,"featured_media":0,"parent":0,"menu_order":0,"comment_status":"closed","ping_status":"closed","template":"","meta":{"footnotes":""},"class_list":["post-86","page","type-page","status-publish","hentry"],"_links":{"self":[{"href":"https:\/\/djpfreud.com\/en\/wp-json\/wp\/v2\/pages\/86","targetHints":{"allow":["GET"]}}],"collection":[{"href":"https:\/\/djpfreud.com\/en\/wp-json\/wp\/v2\/pages"}],"about":[{"href":"https:\/\/djpfreud.com\/en\/wp-json\/wp\/v2\/types\/page"}],"author":[{"embeddable":true,"href":"https:\/\/djpfreud.com\/en\/wp-json\/wp\/v2\/users\/1"}],"replies":[{"embeddable":true,"href":"https:\/\/djpfreud.com\/en\/wp-json\/wp\/v2\/comments?post=86"}],"version-history":[{"count":29,"href":"https:\/\/djpfreud.com\/en\/wp-json\/wp\/v2\/pages\/86\/revisions"}],"predecessor-version":[{"id":946,"href":"https:\/\/djpfreud.com\/en\/wp-json\/wp\/v2\/pages\/86\/revisions\/946"}],"wp:attachment":[{"href":"https:\/\/djpfreud.com\/en\/wp-json\/wp\/v2\/media?parent=86"}],"curies":[{"name":"wp","href":"https:\/\/api.w.org\/{rel}","templated":true}]}}